{"id":7,"date":"2019-04-30T14:14:02","date_gmt":"2019-04-30T12:14:02","guid":{"rendered":"http:\/\/bewegung-dorejacobs.de\/?page_id=7"},"modified":"2024-02-13T21:37:09","modified_gmt":"2024-02-13T20:37:09","slug":"7-2","status":"publish","type":"page","link":"http:\/\/bewegung-dorejacobs.de\/","title":{"rendered":""},"content":{"rendered":"<h3>Herzlich willkommen zum Kursangebot:<br \/>\nGanzheitliche K\u00f6rperarbeit<br \/>\nnach Dore Jacobs<br \/>\nvon Ursula Kemper<\/h3>\n<p>neu: Online-Kurse!<\/p>\n<p>Grundlage f\u00fcr alle Kurse ist die Bewegungslehre von Dore Jacobs, die aus einem ganzheitlichen Menschenbild entwickelt wurde. Intensive Bewegungs- und Entspannungs\u00fcbungen in kleinen Gruppen f\u00fchren zu einem bewussten, feinf\u00fchligen Umgang mit dem eigenen K\u00f6rper, l\u00f6sen Verspannungen und korrigieren Haltungssch\u00e4den und Bewegungsst\u00f6rungen.<br \/>\nSchonend kr\u00e4ftigende \u00dcbungen in Verbindung mit flie\u00dfenden Bewegungsabl\u00e4ufen auch f\u00fcr zu Hause entlasten R\u00fccken, Schultern und Nacken, weiten den Atemraum und f\u00fchren zu einer gel\u00f6sten, lebendigen und befreienden Aufrichtung. Es werden Hilfen gegeben f\u00fcr richtiges Stehen, Gehen und Sitzen und Zusammenh\u00e4nge im K\u00f6rper deutlich gemacht.<br \/>\nAlle Kurse beinhalten ein intensives Faszientraining.<\/p>\n<p><strong>Die Kurse wenden sich an alle Menschen, die:<\/strong><br \/>\n&#8211; Ruhe suchen<br \/>\n&#8211; tiefer gehende Entspannung brauchen<br \/>\n&#8211; Freude an der Bewegung haben.<\/p>\n<p><strong>Sie sind auch geeignet f\u00fcr Menschen:<\/strong><br \/>\n&#8211; mit R\u00fccken- und Gelenkschmerzen<br \/>\n&#8211; mit Haltungsproblemen<br \/>\n&#8211; und mit Gangunsicherheiten.<\/p>\n<ul>\n<li>Der Einstieg in alle w\u00f6chentlich stattfindenden,<a href=\"http:\/\/bewegung-dorejacobs.de\/?page_id=27\"> fortlaufenden Kurse<\/a> ist jederzeit m\u00f6glich!<\/li>\n<li>Pers\u00f6nliche Betreuung durch schonende <a href=\"http:\/\/bewegung-dorejacobs.de\/?page_id=35\">Einzelbehandlungen<\/a>, <a href=\"http:\/\/bewegung-dorejacobs.de\/?page_id=39\">Fu\u00dfreflexzonenmassagen<\/a> und <a href=\"http:\/\/bewegung-dorejacobs.de\/?page_id=37\">Massagen<\/a> nach Absprache.<\/li>\n<li>Sie k\u00f6nnen f\u00fcr alle Kurse, Massagen und Behandlungen sch\u00f6ne Geschenkgutscheine erhalten.<\/li>\n<li>Es sind zu verschiedenen Themen CDs mit <a href=\"http:\/\/bewegung-dorejacobs.de\/?page_id=33\">\u00dcbungsanleitungen<\/a> erh\u00e4ltlich.<\/li>\n<\/ul>\n","protected":false},"excerpt":{"rendered":"<p>Herzlich willkommen zum Kursangebot: Ganzheitliche K\u00f6rperarbeit nach Dore Jacobs von Ursula Kemper neu: Online-Kurse! Grundlage f\u00fcr alle Kurse ist die Bewegungslehre von Dore Jacobs, die aus einem ganzheitlichen Menschenbild entwickelt wurde. Intensive Bewegungs- und Entspannungs\u00fcbungen in kleinen Gruppen f\u00fchren zu einem bewussten, feinf\u00fchligen Umgang mit dem eigenen K\u00f6rper, l\u00f6sen Verspannungen und korrigieren Haltungssch\u00e4den und Bewegungsst\u00f6rungen.<a class=\"more-link\" href=\"http:\/\/bewegung-dorejacobs.de\/\">&#8230; Lesen Sie den ganzen Artikel<\/a><\/p>\n","protected":false},"author":1,"featured_media":0,"parent":0,"menu_order":0,"comment_status":"closed","ping_status":"closed","template":"","meta":{"footnotes":""},"_links":{"self":[{"href":"http:\/\/bewegung-dorejacobs.de\/index.php?rest_route=\/wp\/v2\/pages\/7"}],"collection":[{"href":"http:\/\/bewegung-dorejacobs.de\/index.php?rest_route=\/wp\/v2\/pages"}],"about":[{"href":"http:\/\/bewegung-dorejacobs.de\/index.php?rest_route=\/wp\/v2\/types\/page"}],"author":[{"embeddable":true,"href":"http:\/\/bewegung-dorejacobs.de\/index.php?rest_route=\/wp\/v2\/users\/1"}],"replies":[{"embeddable":true,"href":"http:\/\/bewegung-dorejacobs.de\/index.php?rest_route=%2Fwp%2Fv2%2Fcomments&post=7"}],"version-history":[{"count":23,"href":"http:\/\/bewegung-dorejacobs.de\/index.php?rest_route=\/wp\/v2\/pages\/7\/revisions"}],"predecessor-version":[{"id":295,"href":"http:\/\/bewegung-dorejacobs.de\/index.php?rest_route=\/wp\/v2\/pages\/7\/revisions\/295"}],"wp:attachment":[{"href":"http:\/\/bewegung-dorejacobs.de\/index.php?rest_route=%2Fwp%2Fv2%2Fmedia&parent=7"}],"curies":[{"name":"wp","href":"https:\/\/api.w.org\/{rel}","templated":true}]}}