{"id":61,"date":"2019-04-30T14:40:30","date_gmt":"2019-04-30T12:40:30","guid":{"rendered":"http:\/\/bewegung-dorejacobs.de\/?page_id=61"},"modified":"2019-04-30T15:07:25","modified_gmt":"2019-04-30T13:07:25","slug":"ursula-kemper","status":"publish","type":"page","link":"http:\/\/bewegung-dorejacobs.de\/?page_id=61","title":{"rendered":"Ursula Kemper"},"content":{"rendered":"<p><img loading=\"lazy\" decoding=\"async\" class=\"alignright size-full wp-image-69\" src=\"http:\/\/bewegung-dorejacobs.de\/wp-content\/uploads\/2019\/04\/kemper.jpg\" alt=\"\" width=\"170\" height=\"265\" \/>aufgewachsen in Bochum<\/p>\n<ul>\n<li>abgeschlossenes Lehramtsstudium (1. und 2. Staatsexamen) an der Universit\u00e4t Essen<\/li>\n<li>abgeschlossene Ausbildung zur Bewegungsp\u00e4dagogin an der Dore-Jacobs-Schule, Essen<\/li>\n<li>regelm\u00e4\u00dfige Fortbildungen in Tanztheater\/Improvisation bei Katja Wyder, Schweiz<\/li>\n<li>Fortbildungen in Eutonie, Atemarbeit und Folkloretanz<\/li>\n<li>Fortbildung zur zertifizierten R\u00fcckenschullehrerin<\/li>\n<\/ul>\n<p>Ver\u00f6ffentlichungen:<br \/>\n10 Minuten Entspannung in der Mittagspause, Falken Verlag<br \/>\n10 Minuten Kreislauftraining, Falken Verlag<\/p>\n","protected":false},"excerpt":{"rendered":"<p>aufgewachsen in Bochum abgeschlossenes Lehramtsstudium (1. und 2. Staatsexamen) an der Universit\u00e4t Essen abgeschlossene Ausbildung zur Bewegungsp\u00e4dagogin an der Dore-Jacobs-Schule, Essen regelm\u00e4\u00dfige Fortbildungen in Tanztheater\/Improvisation bei Katja Wyder, Schweiz Fortbildungen in Eutonie, Atemarbeit und Folkloretanz Fortbildung zur zertifizierten R\u00fcckenschullehrerin Ver\u00f6ffentlichungen: 10 Minuten Entspannung in der Mittagspause, Falken Verlag 10 Minuten Kreislauftraining, Falken Verlag<\/p>\n","protected":false},"author":1,"featured_media":0,"parent":0,"menu_order":0,"comment_status":"closed","ping_status":"closed","template":"","meta":{"footnotes":""},"_links":{"self":[{"href":"http:\/\/bewegung-dorejacobs.de\/index.php?rest_route=\/wp\/v2\/pages\/61"}],"collection":[{"href":"http:\/\/bewegung-dorejacobs.de\/index.php?rest_route=\/wp\/v2\/pages"}],"about":[{"href":"http:\/\/bewegung-dorejacobs.de\/index.php?rest_route=\/wp\/v2\/types\/page"}],"author":[{"embeddable":true,"href":"http:\/\/bewegung-dorejacobs.de\/index.php?rest_route=\/wp\/v2\/users\/1"}],"replies":[{"embeddable":true,"href":"http:\/\/bewegung-dorejacobs.de\/index.php?rest_route=%2Fwp%2Fv2%2Fcomments&post=61"}],"version-history":[{"count":2,"href":"http:\/\/bewegung-dorejacobs.de\/index.php?rest_route=\/wp\/v2\/pages\/61\/revisions"}],"predecessor-version":[{"id":70,"href":"http:\/\/bewegung-dorejacobs.de\/index.php?rest_route=\/wp\/v2\/pages\/61\/revisions\/70"}],"wp:attachment":[{"href":"http:\/\/bewegung-dorejacobs.de\/index.php?rest_route=%2Fwp%2Fv2%2Fmedia&parent=61"}],"curies":[{"name":"wp","href":"https:\/\/api.w.org\/{rel}","templated":true}]}}