{"id":37,"date":"2019-04-30T14:36:12","date_gmt":"2019-04-30T12:36:12","guid":{"rendered":"http:\/\/bewegung-dorejacobs.de\/?page_id=37"},"modified":"2022-02-06T21:11:41","modified_gmt":"2022-02-06T20:11:41","slug":"massage","status":"publish","type":"page","link":"http:\/\/bewegung-dorejacobs.de\/?page_id=37","title":{"rendered":"Massage"},"content":{"rendered":"<p><img loading=\"lazy\" decoding=\"async\" class=\"alignright size-full wp-image-86\" src=\"http:\/\/bewegung-dorejacobs.de\/wp-content\/uploads\/2019\/04\/massage_1.jpg\" alt=\"\" width=\"170\" height=\"253\" \/>Eine sanfte und wohltuende Massage ist ein Genuss, der \u00fcberdies die Durchblutung anregt, Verspannungen l\u00f6st und die Schadstoffe in der Muskulatur abtransportieren l\u00e4sst.<br \/>\nDas dadurch entstehende angenehme, entspannte K\u00f6rpergef\u00fchl hilft, dem Alltag ruhiger und ausgeglichener zu begegnen.<\/p>\n<p><img loading=\"lazy\" decoding=\"async\" class=\"alignnone size-full wp-image-85\" src=\"http:\/\/bewegung-dorejacobs.de\/wp-content\/uploads\/2019\/04\/massage_2.jpg\" alt=\"\" width=\"253\" height=\"170\" \/><\/p>\n","protected":false},"excerpt":{"rendered":"<p>Eine sanfte und wohltuende Massage ist ein Genuss, der \u00fcberdies die Durchblutung anregt, Verspannungen l\u00f6st und die Schadstoffe in der Muskulatur abtransportieren l\u00e4sst. Das dadurch entstehende angenehme, entspannte K\u00f6rpergef\u00fchl hilft, dem Alltag ruhiger und ausgeglichener zu begegnen.<\/p>\n","protected":false},"author":1,"featured_media":0,"parent":0,"menu_order":0,"comment_status":"closed","ping_status":"closed","template":"","meta":{"footnotes":""},"_links":{"self":[{"href":"http:\/\/bewegung-dorejacobs.de\/index.php?rest_route=\/wp\/v2\/pages\/37"}],"collection":[{"href":"http:\/\/bewegung-dorejacobs.de\/index.php?rest_route=\/wp\/v2\/pages"}],"about":[{"href":"http:\/\/bewegung-dorejacobs.de\/index.php?rest_route=\/wp\/v2\/types\/page"}],"author":[{"embeddable":true,"href":"http:\/\/bewegung-dorejacobs.de\/index.php?rest_route=\/wp\/v2\/users\/1"}],"replies":[{"embeddable":true,"href":"http:\/\/bewegung-dorejacobs.de\/index.php?rest_route=%2Fwp%2Fv2%2Fcomments&post=37"}],"version-history":[{"count":3,"href":"http:\/\/bewegung-dorejacobs.de\/index.php?rest_route=\/wp\/v2\/pages\/37\/revisions"}],"predecessor-version":[{"id":271,"href":"http:\/\/bewegung-dorejacobs.de\/index.php?rest_route=\/wp\/v2\/pages\/37\/revisions\/271"}],"wp:attachment":[{"href":"http:\/\/bewegung-dorejacobs.de\/index.php?rest_route=%2Fwp%2Fv2%2Fmedia&parent=37"}],"curies":[{"name":"wp","href":"https:\/\/api.w.org\/{rel}","templated":true}]}}