{"id":35,"date":"2019-04-30T14:35:54","date_gmt":"2019-04-30T12:35:54","guid":{"rendered":"http:\/\/bewegung-dorejacobs.de\/?page_id=35"},"modified":"2019-04-30T15:13:36","modified_gmt":"2019-04-30T13:13:36","slug":"einzelstunden","status":"publish","type":"page","link":"http:\/\/bewegung-dorejacobs.de\/?page_id=35","title":{"rendered":"Einzelstunden"},"content":{"rendered":"<p>In den Einzelstunden werden die Bewegungs\u00fcbungen und Behandlungen nach den individuellen Bed\u00fcrfnissen und Krankheitsbildern ausgerichtet. Das Wissen um die Zusammenh\u00e4nge im K\u00f6rper f\u00fchrt zu weiter reichenden Behandlungsm\u00f6glichkeiten auf dem Weg zur Heilung.<\/p>\n<p><img loading=\"lazy\" decoding=\"async\" class=\"size-full wp-image-73 alignnone\" src=\"http:\/\/bewegung-dorejacobs.de\/wp-content\/uploads\/2019\/04\/einzel_1.jpg\" alt=\"\" width=\"170\" height=\"114\" \/> <img loading=\"lazy\" decoding=\"async\" class=\"size-full wp-image-74 alignnone\" src=\"http:\/\/bewegung-dorejacobs.de\/wp-content\/uploads\/2019\/04\/einzel_2.jpg\" alt=\"\" width=\"170\" height=\"114\" \/><\/p>\n<p>Die Einzelstunden finden in meinem Behandlungsraum oder als Hausbesuch statt und umfassen eine volle Stunde.<\/p>\n<p><i><a href=\"http:\/\/bewegung-dorejacobs.de\/?page_id=54\">Die Teilnahmebedingungen finden Sie an dieser Stelle.<\/a><\/i><\/p>\n","protected":false},"excerpt":{"rendered":"<p>In den Einzelstunden werden die Bewegungs\u00fcbungen und Behandlungen nach den individuellen Bed\u00fcrfnissen und Krankheitsbildern ausgerichtet. Das Wissen um die Zusammenh\u00e4nge im K\u00f6rper f\u00fchrt zu weiter reichenden Behandlungsm\u00f6glichkeiten auf dem Weg zur Heilung. Die Einzelstunden finden in meinem Behandlungsraum oder als Hausbesuch statt und umfassen eine volle Stunde. Die Teilnahmebedingungen finden Sie an dieser Stelle.<\/p>\n","protected":false},"author":1,"featured_media":0,"parent":0,"menu_order":0,"comment_status":"closed","ping_status":"closed","template":"","meta":{"footnotes":""},"_links":{"self":[{"href":"http:\/\/bewegung-dorejacobs.de\/index.php?rest_route=\/wp\/v2\/pages\/35"}],"collection":[{"href":"http:\/\/bewegung-dorejacobs.de\/index.php?rest_route=\/wp\/v2\/pages"}],"about":[{"href":"http:\/\/bewegung-dorejacobs.de\/index.php?rest_route=\/wp\/v2\/types\/page"}],"author":[{"embeddable":true,"href":"http:\/\/bewegung-dorejacobs.de\/index.php?rest_route=\/wp\/v2\/users\/1"}],"replies":[{"embeddable":true,"href":"http:\/\/bewegung-dorejacobs.de\/index.php?rest_route=%2Fwp%2Fv2%2Fcomments&post=35"}],"version-history":[{"count":3,"href":"http:\/\/bewegung-dorejacobs.de\/index.php?rest_route=\/wp\/v2\/pages\/35\/revisions"}],"predecessor-version":[{"id":80,"href":"http:\/\/bewegung-dorejacobs.de\/index.php?rest_route=\/wp\/v2\/pages\/35\/revisions\/80"}],"wp:attachment":[{"href":"http:\/\/bewegung-dorejacobs.de\/index.php?rest_route=%2Fwp%2Fv2%2Fmedia&parent=35"}],"curies":[{"name":"wp","href":"https:\/\/api.w.org\/{rel}","templated":true}]}}